{"id":510,"date":"2025-11-01T16:20:54","date_gmt":"2025-11-01T16:20:54","guid":{"rendered":"https:\/\/kolomejec.hr\/europski-fondovi\/"},"modified":"2025-12-09T20:28:35","modified_gmt":"2025-12-09T20:28:35","slug":"european-funds","status":"publish","type":"page","link":"https:\/\/kolomejec.hr\/en\/european-funds\/","title":{"rendered":"European funds"},"content":{"rendered":"\n<p>Lorem ipsum dolor sit amet, consectetur adipiscing elit. Nulla iaculis nibh eget nibh scelerisque euismod non vel enim. Cras eget sollicitudin justo. Mauris efficitur massa non ipsum iaculis, eget ullamcorper orci laoreet. Aliquam vel nunc ut erat mattis accumsan non a nibh. Aliquam accumsan sapien ex, sit amet imperdiet lectus suscipit a. Aliquam maximus elementum finibus. Integer mattis malesuada dolor vitae semper. Cras elementum nunc at dolor molestie accumsan. Suspendisse potenti. Cras finibus molestie leo. Vestibulum quis accumsan mi.<\/p>\n\n\n\n<p>Pellentesque non posuere nunc. Donec lorem lorem, imperdiet quis quam vel, pulvinar placerat ex. Suspendisse sit amet ipsum vitae nulla molestie mattis. Suspendisse potenti. Praesent bibendum eros eu convallis sodales. Nullam hendrerit purus velit, in sollicitudin arcu auctor ut. Donec urna dui, blandit vitae lobortis a, fringilla sed tellus. Sed malesuada elit sit amet magna finibus, a euismod est tristique.<\/p>\n\n\n\n<p><\/p>\n","protected":false},"excerpt":{"rendered":"<p>Lorem ipsum dolor sit amet, consectetur adipiscing elit. Nulla iaculis nibh eget nibh scelerisque euismod non vel enim. Cras eget sollicitudin justo. Mauris efficitur massa non&#8230;<\/p>\n","protected":false},"author":1,"featured_media":467,"parent":0,"menu_order":0,"comment_status":"closed","ping_status":"closed","template":"","meta":{"_acf_changed":false,"footnotes":""},"class_list":["post-510","page","type-page","status-publish","has-post-thumbnail","hentry"],"acf":[],"yoast_head":"<!-- This site is optimized with the Yoast SEO plugin v27.0 - https:\/\/yoast.com\/product\/yoast-seo-wordpress\/ -->\n<title>European funds - Proizvodnja traka i remenja - Kolomejec d.o.o.<\/title>\n<meta name=\"robots\" content=\"index, follow, max-snippet:-1, max-image-preview:large, max-video-preview:-1\" \/>\n<link rel=\"canonical\" href=\"https:\/\/kolomejec.hr\/europski-fondovi\/\" \/>\n<meta property=\"og:locale\" content=\"en_US\" \/>\n<meta property=\"og:type\" content=\"article\" \/>\n<meta property=\"og:title\" content=\"European funds - Proizvodnja traka i remenja - Kolomejec d.o.o.\" \/>\n<meta property=\"og:description\" content=\"Lorem ipsum dolor sit amet, consectetur adipiscing elit. Nulla iaculis nibh eget nibh scelerisque euismod non vel enim. Cras eget sollicitudin justo. Mauris efficitur massa non...\" \/>\n<meta property=\"og:url\" content=\"https:\/\/kolomejec.hr\/europski-fondovi\/\" \/>\n<meta property=\"og:site_name\" content=\"Proizvodnja traka i remenja - Kolomejec d.o.o.\" \/>\n<meta property=\"article:modified_time\" content=\"2025-12-09T20:28:35+00:00\" \/>\n<meta property=\"og:image\" content=\"https:\/\/kolomejec.hr\/wp-content\/uploads\/2025\/12\/Prijenosnici-snage01.webp\" \/>\n\t<meta property=\"og:image:width\" content=\"1920\" \/>\n\t<meta property=\"og:image:height\" content=\"1080\" \/>\n\t<meta property=\"og:image:type\" content=\"image\/webp\" \/>\n<meta name=\"twitter:card\" content=\"summary_large_image\" \/>\n<meta name=\"twitter:label1\" content=\"Est. reading time\" \/>\n\t<meta name=\"twitter:data1\" content=\"1 minute\" \/>\n<script type=\"application\/ld+json\" class=\"yoast-schema-graph\">{\"@context\":\"https:\/\/schema.org\",\"@graph\":[{\"@type\":\"WebPage\",\"@id\":\"https:\/\/kolomejec.hr\/europski-fondovi\/\",\"url\":\"https:\/\/kolomejec.hr\/europski-fondovi\/\",\"name\":\"European funds - Proizvodnja traka i remenja - Kolomejec d.o.o.\",\"isPartOf\":{\"@id\":\"https:\/\/kolomejec.hr\/#website\"},\"primaryImageOfPage\":{\"@id\":\"https:\/\/kolomejec.hr\/europski-fondovi\/#primaryimage\"},\"image\":{\"@id\":\"https:\/\/kolomejec.hr\/europski-fondovi\/#primaryimage\"},\"thumbnailUrl\":\"https:\/\/kolomejec.hr\/wp-content\/uploads\/2025\/12\/Prijenosnici-snage01.webp\",\"datePublished\":\"2025-11-01T16:20:54+00:00\",\"dateModified\":\"2025-12-09T20:28:35+00:00\",\"breadcrumb\":{\"@id\":\"https:\/\/kolomejec.hr\/europski-fondovi\/#breadcrumb\"},\"inLanguage\":\"en-US\",\"potentialAction\":[{\"@type\":\"ReadAction\",\"target\":[\"https:\/\/kolomejec.hr\/europski-fondovi\/\"]}]},{\"@type\":\"ImageObject\",\"inLanguage\":\"en-US\",\"@id\":\"https:\/\/kolomejec.hr\/europski-fondovi\/#primaryimage\",\"url\":\"https:\/\/kolomejec.hr\/wp-content\/uploads\/2025\/12\/Prijenosnici-snage01.webp\",\"contentUrl\":\"https:\/\/kolomejec.hr\/wp-content\/uploads\/2025\/12\/Prijenosnici-snage01.webp\",\"width\":1920,\"height\":1080},{\"@type\":\"BreadcrumbList\",\"@id\":\"https:\/\/kolomejec.hr\/europski-fondovi\/#breadcrumb\",\"itemListElement\":[{\"@type\":\"ListItem\",\"position\":1,\"name\":\"Po\u010detna stranica\",\"item\":\"https:\/\/kolomejec.hr\/\"},{\"@type\":\"ListItem\",\"position\":2,\"name\":\"European funds\"}]},{\"@type\":\"WebSite\",\"@id\":\"https:\/\/kolomejec.hr\/#website\",\"url\":\"https:\/\/kolomejec.hr\/\",\"name\":\"Proizvodnja traka i remenja - Kolomejec d.o.o.\",\"description\":\"Radionica va\u0161ih ideja Specijalizirani smo za proizvodnju, prodaju i servisiranje spojnih procesa i transportnih traka te remenskih prijenosa. PREUZMITE KATALOG Sve \u0161to vam treba, na jednom mjestu. Transportne i procesne trake Osiguravamo najbolje rje\u0161enje za odabir transportnih traka za lak\u0161e do srednje optere\u0107enje, kao i ravne trake za razli\u010dite vrste transportera. Instalacija traka na lokaciji.&hellip;\",\"potentialAction\":[{\"@type\":\"SearchAction\",\"target\":{\"@type\":\"EntryPoint\",\"urlTemplate\":\"https:\/\/kolomejec.hr\/?s={search_term_string}\"},\"query-input\":{\"@type\":\"PropertyValueSpecification\",\"valueRequired\":true,\"valueName\":\"search_term_string\"}}],\"inLanguage\":\"en-US\"}]}<\/script>\n<!-- \/ Yoast SEO plugin. -->","yoast_head_json":{"title":"European funds - Proizvodnja traka i remenja - Kolomejec d.o.o.","robots":{"index":"index","follow":"follow","max-snippet":"max-snippet:-1","max-image-preview":"max-image-preview:large","max-video-preview":"max-video-preview:-1"},"canonical":"https:\/\/kolomejec.hr\/europski-fondovi\/","og_locale":"en_US","og_type":"article","og_title":"European funds - Proizvodnja traka i remenja - Kolomejec d.o.o.","og_description":"Lorem ipsum dolor sit amet, consectetur adipiscing elit. Nulla iaculis nibh eget nibh scelerisque euismod non vel enim. Cras eget sollicitudin justo. Mauris efficitur massa non...","og_url":"https:\/\/kolomejec.hr\/europski-fondovi\/","og_site_name":"Proizvodnja traka i remenja - Kolomejec d.o.o.","article_modified_time":"2025-12-09T20:28:35+00:00","og_image":[{"width":1920,"height":1080,"url":"https:\/\/kolomejec.hr\/wp-content\/uploads\/2025\/12\/Prijenosnici-snage01.webp","type":"image\/webp"}],"twitter_card":"summary_large_image","twitter_misc":{"Est. reading time":"1 minute"},"schema":{"@context":"https:\/\/schema.org","@graph":[{"@type":"WebPage","@id":"https:\/\/kolomejec.hr\/europski-fondovi\/","url":"https:\/\/kolomejec.hr\/europski-fondovi\/","name":"European funds - Proizvodnja traka i remenja - Kolomejec d.o.o.","isPartOf":{"@id":"https:\/\/kolomejec.hr\/#website"},"primaryImageOfPage":{"@id":"https:\/\/kolomejec.hr\/europski-fondovi\/#primaryimage"},"image":{"@id":"https:\/\/kolomejec.hr\/europski-fondovi\/#primaryimage"},"thumbnailUrl":"https:\/\/kolomejec.hr\/wp-content\/uploads\/2025\/12\/Prijenosnici-snage01.webp","datePublished":"2025-11-01T16:20:54+00:00","dateModified":"2025-12-09T20:28:35+00:00","breadcrumb":{"@id":"https:\/\/kolomejec.hr\/europski-fondovi\/#breadcrumb"},"inLanguage":"en-US","potentialAction":[{"@type":"ReadAction","target":["https:\/\/kolomejec.hr\/europski-fondovi\/"]}]},{"@type":"ImageObject","inLanguage":"en-US","@id":"https:\/\/kolomejec.hr\/europski-fondovi\/#primaryimage","url":"https:\/\/kolomejec.hr\/wp-content\/uploads\/2025\/12\/Prijenosnici-snage01.webp","contentUrl":"https:\/\/kolomejec.hr\/wp-content\/uploads\/2025\/12\/Prijenosnici-snage01.webp","width":1920,"height":1080},{"@type":"BreadcrumbList","@id":"https:\/\/kolomejec.hr\/europski-fondovi\/#breadcrumb","itemListElement":[{"@type":"ListItem","position":1,"name":"Po\u010detna stranica","item":"https:\/\/kolomejec.hr\/"},{"@type":"ListItem","position":2,"name":"European funds"}]},{"@type":"WebSite","@id":"https:\/\/kolomejec.hr\/#website","url":"https:\/\/kolomejec.hr\/","name":"Proizvodnja traka i remenja - Kolomejec d.o.o.","description":"Radionica va\u0161ih ideja Specijalizirani smo za proizvodnju, prodaju i servisiranje spojnih procesa i transportnih traka te remenskih prijenosa. PREUZMITE KATALOG Sve \u0161to vam treba, na jednom mjestu. Transportne i procesne trake Osiguravamo najbolje rje\u0161enje za odabir transportnih traka za lak\u0161e do srednje optere\u0107enje, kao i ravne trake za razli\u010dite vrste transportera. Instalacija traka na lokaciji.&hellip;","potentialAction":[{"@type":"SearchAction","target":{"@type":"EntryPoint","urlTemplate":"https:\/\/kolomejec.hr\/?s={search_term_string}"},"query-input":{"@type":"PropertyValueSpecification","valueRequired":true,"valueName":"search_term_string"}}],"inLanguage":"en-US"}]}},"_links":{"self":[{"href":"https:\/\/kolomejec.hr\/en\/wp-json\/wp\/v2\/pages\/510","targetHints":{"allow":["GET"]}}],"collection":[{"href":"https:\/\/kolomejec.hr\/en\/wp-json\/wp\/v2\/pages"}],"about":[{"href":"https:\/\/kolomejec.hr\/en\/wp-json\/wp\/v2\/types\/page"}],"author":[{"embeddable":true,"href":"https:\/\/kolomejec.hr\/en\/wp-json\/wp\/v2\/users\/1"}],"replies":[{"embeddable":true,"href":"https:\/\/kolomejec.hr\/en\/wp-json\/wp\/v2\/comments?post=510"}],"version-history":[{"count":1,"href":"https:\/\/kolomejec.hr\/en\/wp-json\/wp\/v2\/pages\/510\/revisions"}],"predecessor-version":[{"id":511,"href":"https:\/\/kolomejec.hr\/en\/wp-json\/wp\/v2\/pages\/510\/revisions\/511"}],"wp:featuredmedia":[{"embeddable":true,"href":"https:\/\/kolomejec.hr\/en\/wp-json\/wp\/v2\/media\/467"}],"wp:attachment":[{"href":"https:\/\/kolomejec.hr\/en\/wp-json\/wp\/v2\/media?parent=510"}],"curies":[{"name":"wp","href":"https:\/\/api.w.org\/{rel}","templated":true}]}}