{"id":506,"date":"2025-11-03T09:50:51","date_gmt":"2025-11-03T09:50:51","guid":{"rendered":"https:\/\/kolomejec.hr\/?page_id=506"},"modified":"2025-12-09T20:14:38","modified_gmt":"2025-12-09T20:14:38","slug":"contact","status":"publish","type":"page","link":"https:\/\/kolomejec.hr\/en\/contact\/","title":{"rendered":"Contact"},"content":{"rendered":"","protected":false},"excerpt":{"rendered":"","protected":false},"author":1,"featured_media":466,"parent":0,"menu_order":0,"comment_status":"closed","ping_status":"closed","template":"","meta":{"_acf_changed":false,"footnotes":""},"class_list":["post-506","page","type-page","status-publish","has-post-thumbnail","hentry"],"acf":[],"yoast_head":"<!-- This site is optimized with the Yoast SEO plugin v27.0 - https:\/\/yoast.com\/product\/yoast-seo-wordpress\/ -->\n<title>Contact - Proizvodnja traka i remenja - Kolomejec d.o.o.<\/title>\n<meta name=\"robots\" content=\"index, follow, max-snippet:-1, max-image-preview:large, max-video-preview:-1\" \/>\n<link rel=\"canonical\" href=\"https:\/\/kolomejec.hr\/kontakt\/\" \/>\n<meta property=\"og:locale\" content=\"en_US\" \/>\n<meta property=\"og:type\" content=\"article\" \/>\n<meta property=\"og:title\" content=\"Contact - Proizvodnja traka i remenja - Kolomejec d.o.o.\" \/>\n<meta property=\"og:url\" content=\"https:\/\/kolomejec.hr\/kontakt\/\" \/>\n<meta property=\"og:site_name\" content=\"Proizvodnja traka i remenja - Kolomejec d.o.o.\" \/>\n<meta property=\"article:modified_time\" content=\"2025-12-09T20:14:38+00:00\" \/>\n<meta property=\"og:image\" content=\"https:\/\/kolomejec.hr\/wp-content\/uploads\/2025\/12\/OMEGA-4.jpg\" \/>\n\t<meta property=\"og:image:width\" content=\"2560\" \/>\n\t<meta property=\"og:image:height\" content=\"1440\" \/>\n\t<meta property=\"og:image:type\" content=\"image\/jpeg\" \/>\n<meta name=\"twitter:card\" content=\"summary_large_image\" \/>\n<script type=\"application\/ld+json\" class=\"yoast-schema-graph\">{\"@context\":\"https:\/\/schema.org\",\"@graph\":[{\"@type\":\"WebPage\",\"@id\":\"https:\/\/kolomejec.hr\/kontakt\/\",\"url\":\"https:\/\/kolomejec.hr\/kontakt\/\",\"name\":\"Contact - Proizvodnja traka i remenja - Kolomejec d.o.o.\",\"isPartOf\":{\"@id\":\"https:\/\/kolomejec.hr\/#website\"},\"primaryImageOfPage\":{\"@id\":\"https:\/\/kolomejec.hr\/kontakt\/#primaryimage\"},\"image\":{\"@id\":\"https:\/\/kolomejec.hr\/kontakt\/#primaryimage\"},\"thumbnailUrl\":\"https:\/\/kolomejec.hr\/wp-content\/uploads\/2025\/12\/OMEGA-4.jpg\",\"datePublished\":\"2025-11-03T09:50:51+00:00\",\"dateModified\":\"2025-12-09T20:14:38+00:00\",\"breadcrumb\":{\"@id\":\"https:\/\/kolomejec.hr\/kontakt\/#breadcrumb\"},\"inLanguage\":\"en-US\",\"potentialAction\":[{\"@type\":\"ReadAction\",\"target\":[\"https:\/\/kolomejec.hr\/kontakt\/\"]}]},{\"@type\":\"ImageObject\",\"inLanguage\":\"en-US\",\"@id\":\"https:\/\/kolomejec.hr\/kontakt\/#primaryimage\",\"url\":\"https:\/\/kolomejec.hr\/wp-content\/uploads\/2025\/12\/OMEGA-4.jpg\",\"contentUrl\":\"https:\/\/kolomejec.hr\/wp-content\/uploads\/2025\/12\/OMEGA-4.jpg\",\"width\":2560,\"height\":1440},{\"@type\":\"BreadcrumbList\",\"@id\":\"https:\/\/kolomejec.hr\/kontakt\/#breadcrumb\",\"itemListElement\":[{\"@type\":\"ListItem\",\"position\":1,\"name\":\"Po\u010detna stranica\",\"item\":\"https:\/\/kolomejec.hr\/\"},{\"@type\":\"ListItem\",\"position\":2,\"name\":\"Contact\"}]},{\"@type\":\"WebSite\",\"@id\":\"https:\/\/kolomejec.hr\/#website\",\"url\":\"https:\/\/kolomejec.hr\/\",\"name\":\"Proizvodnja traka i remenja - Kolomejec d.o.o.\",\"description\":\"Radionica va\u0161ih ideja Specijalizirani smo za proizvodnju, prodaju i servisiranje spojnih procesa i transportnih traka te remenskih prijenosa. PREUZMITE KATALOG Sve \u0161to vam treba, na jednom mjestu. Transportne i procesne trake Osiguravamo najbolje rje\u0161enje za odabir transportnih traka za lak\u0161e do srednje optere\u0107enje, kao i ravne trake za razli\u010dite vrste transportera. Instalacija traka na lokaciji.&hellip;\",\"potentialAction\":[{\"@type\":\"SearchAction\",\"target\":{\"@type\":\"EntryPoint\",\"urlTemplate\":\"https:\/\/kolomejec.hr\/?s={search_term_string}\"},\"query-input\":{\"@type\":\"PropertyValueSpecification\",\"valueRequired\":true,\"valueName\":\"search_term_string\"}}],\"inLanguage\":\"en-US\"}]}<\/script>\n<!-- \/ Yoast SEO plugin. -->","yoast_head_json":{"title":"Contact - Proizvodnja traka i remenja - Kolomejec d.o.o.","robots":{"index":"index","follow":"follow","max-snippet":"max-snippet:-1","max-image-preview":"max-image-preview:large","max-video-preview":"max-video-preview:-1"},"canonical":"https:\/\/kolomejec.hr\/kontakt\/","og_locale":"en_US","og_type":"article","og_title":"Contact - Proizvodnja traka i remenja - Kolomejec d.o.o.","og_url":"https:\/\/kolomejec.hr\/kontakt\/","og_site_name":"Proizvodnja traka i remenja - Kolomejec d.o.o.","article_modified_time":"2025-12-09T20:14:38+00:00","og_image":[{"width":2560,"height":1440,"url":"https:\/\/kolomejec.hr\/wp-content\/uploads\/2025\/12\/OMEGA-4.jpg","type":"image\/jpeg"}],"twitter_card":"summary_large_image","schema":{"@context":"https:\/\/schema.org","@graph":[{"@type":"WebPage","@id":"https:\/\/kolomejec.hr\/kontakt\/","url":"https:\/\/kolomejec.hr\/kontakt\/","name":"Contact - Proizvodnja traka i remenja - Kolomejec d.o.o.","isPartOf":{"@id":"https:\/\/kolomejec.hr\/#website"},"primaryImageOfPage":{"@id":"https:\/\/kolomejec.hr\/kontakt\/#primaryimage"},"image":{"@id":"https:\/\/kolomejec.hr\/kontakt\/#primaryimage"},"thumbnailUrl":"https:\/\/kolomejec.hr\/wp-content\/uploads\/2025\/12\/OMEGA-4.jpg","datePublished":"2025-11-03T09:50:51+00:00","dateModified":"2025-12-09T20:14:38+00:00","breadcrumb":{"@id":"https:\/\/kolomejec.hr\/kontakt\/#breadcrumb"},"inLanguage":"en-US","potentialAction":[{"@type":"ReadAction","target":["https:\/\/kolomejec.hr\/kontakt\/"]}]},{"@type":"ImageObject","inLanguage":"en-US","@id":"https:\/\/kolomejec.hr\/kontakt\/#primaryimage","url":"https:\/\/kolomejec.hr\/wp-content\/uploads\/2025\/12\/OMEGA-4.jpg","contentUrl":"https:\/\/kolomejec.hr\/wp-content\/uploads\/2025\/12\/OMEGA-4.jpg","width":2560,"height":1440},{"@type":"BreadcrumbList","@id":"https:\/\/kolomejec.hr\/kontakt\/#breadcrumb","itemListElement":[{"@type":"ListItem","position":1,"name":"Po\u010detna stranica","item":"https:\/\/kolomejec.hr\/"},{"@type":"ListItem","position":2,"name":"Contact"}]},{"@type":"WebSite","@id":"https:\/\/kolomejec.hr\/#website","url":"https:\/\/kolomejec.hr\/","name":"Proizvodnja traka i remenja - Kolomejec d.o.o.","description":"Radionica va\u0161ih ideja Specijalizirani smo za proizvodnju, prodaju i servisiranje spojnih procesa i transportnih traka te remenskih prijenosa. PREUZMITE KATALOG Sve \u0161to vam treba, na jednom mjestu. Transportne i procesne trake Osiguravamo najbolje rje\u0161enje za odabir transportnih traka za lak\u0161e do srednje optere\u0107enje, kao i ravne trake za razli\u010dite vrste transportera. Instalacija traka na lokaciji.&hellip;","potentialAction":[{"@type":"SearchAction","target":{"@type":"EntryPoint","urlTemplate":"https:\/\/kolomejec.hr\/?s={search_term_string}"},"query-input":{"@type":"PropertyValueSpecification","valueRequired":true,"valueName":"search_term_string"}}],"inLanguage":"en-US"}]}},"_links":{"self":[{"href":"https:\/\/kolomejec.hr\/en\/wp-json\/wp\/v2\/pages\/506","targetHints":{"allow":["GET"]}}],"collection":[{"href":"https:\/\/kolomejec.hr\/en\/wp-json\/wp\/v2\/pages"}],"about":[{"href":"https:\/\/kolomejec.hr\/en\/wp-json\/wp\/v2\/types\/page"}],"author":[{"embeddable":true,"href":"https:\/\/kolomejec.hr\/en\/wp-json\/wp\/v2\/users\/1"}],"replies":[{"embeddable":true,"href":"https:\/\/kolomejec.hr\/en\/wp-json\/wp\/v2\/comments?post=506"}],"version-history":[{"count":1,"href":"https:\/\/kolomejec.hr\/en\/wp-json\/wp\/v2\/pages\/506\/revisions"}],"predecessor-version":[{"id":507,"href":"https:\/\/kolomejec.hr\/en\/wp-json\/wp\/v2\/pages\/506\/revisions\/507"}],"wp:featuredmedia":[{"embeddable":true,"href":"https:\/\/kolomejec.hr\/en\/wp-json\/wp\/v2\/media\/466"}],"wp:attachment":[{"href":"https:\/\/kolomejec.hr\/en\/wp-json\/wp\/v2\/media?parent=506"}],"curies":[{"name":"wp","href":"https:\/\/api.w.org\/{rel}","templated":true}]}}