{"id":404,"date":"2025-12-08T20:38:06","date_gmt":"2025-12-08T20:38:06","guid":{"rendered":"https:\/\/kolomejec.hr\/about-us\/"},"modified":"2025-12-09T19:53:13","modified_gmt":"2025-12-09T19:53:13","slug":"about-us","status":"publish","type":"page","link":"https:\/\/kolomejec.hr\/en\/about-us\/","title":{"rendered":"About Us"},"content":{"rendered":"\n<p>As a leading specialist in conveyor belts and belt drives, we provide complete technical solutions. Product quality is achieved through continuous investment in modern technologies, improvement of our professional team, and application of state-of-the-art machinery. <\/p>\n\n\n\n<figure class=\"wp-block-image size-full\"><img loading=\"lazy\" decoding=\"async\" width=\"2400\" height=\"454\" src=\"https:\/\/kolomejec.hr\/wp-content\/uploads\/2025\/12\/osnovano-osoba01.png\" alt=\"\" class=\"wp-image-383\" srcset=\"https:\/\/kolomejec.hr\/wp-content\/uploads\/2025\/12\/osnovano-osoba01.png 2400w, https:\/\/kolomejec.hr\/wp-content\/uploads\/2025\/12\/osnovano-osoba01-300x57.png 300w, https:\/\/kolomejec.hr\/wp-content\/uploads\/2025\/12\/osnovano-osoba01-1024x194.png 1024w, https:\/\/kolomejec.hr\/wp-content\/uploads\/2025\/12\/osnovano-osoba01-768x145.png 768w, https:\/\/kolomejec.hr\/wp-content\/uploads\/2025\/12\/osnovano-osoba01-1536x291.png 1536w, https:\/\/kolomejec.hr\/wp-content\/uploads\/2025\/12\/osnovano-osoba01-2048x387.png 2048w\" sizes=\"auto, (max-width: 2400px) 100vw, 2400px\" \/><\/figure>\n\n\n\n<p>We ensure the most sought-after and highest quality belt joining solutions, with a specialty in Croatia being our high-frequency press for profile installation on belts, which provides custom-made solutions for customer needs.<\/p>\n\n\n\n<figure class=\"wp-block-image size-full\"><img loading=\"lazy\" decoding=\"async\" width=\"2400\" height=\"454\" src=\"https:\/\/kolomejec.hr\/wp-content\/uploads\/2025\/12\/radionica-skladiste01.png\" alt=\"\" class=\"wp-image-382\" srcset=\"https:\/\/kolomejec.hr\/wp-content\/uploads\/2025\/12\/radionica-skladiste01.png 2400w, https:\/\/kolomejec.hr\/wp-content\/uploads\/2025\/12\/radionica-skladiste01-300x57.png 300w, https:\/\/kolomejec.hr\/wp-content\/uploads\/2025\/12\/radionica-skladiste01-1024x194.png 1024w, https:\/\/kolomejec.hr\/wp-content\/uploads\/2025\/12\/radionica-skladiste01-768x145.png 768w, https:\/\/kolomejec.hr\/wp-content\/uploads\/2025\/12\/radionica-skladiste01-1536x291.png 1536w, https:\/\/kolomejec.hr\/wp-content\/uploads\/2025\/12\/radionica-skladiste01-2048x387.png 2048w\" sizes=\"auto, (max-width: 2400px) 100vw, 2400px\" \/><\/figure>\n\n\n\n<p>Speed of production and delivery is ensured through investment in production capacities and material inventory according to our key customers from numerous industries.<\/p>\n\n\n\n<figure class=\"wp-block-image size-full\"><img loading=\"lazy\" decoding=\"async\" width=\"2400\" height=\"342\" src=\"https:\/\/kolomejec.hr\/wp-content\/uploads\/2025\/12\/kupci.png\" alt=\"\" class=\"wp-image-381\" srcset=\"https:\/\/kolomejec.hr\/wp-content\/uploads\/2025\/12\/kupci.png 2400w, https:\/\/kolomejec.hr\/wp-content\/uploads\/2025\/12\/kupci-300x43.png 300w, https:\/\/kolomejec.hr\/wp-content\/uploads\/2025\/12\/kupci-1024x146.png 1024w, https:\/\/kolomejec.hr\/wp-content\/uploads\/2025\/12\/kupci-768x109.png 768w, https:\/\/kolomejec.hr\/wp-content\/uploads\/2025\/12\/kupci-1536x219.png 1536w, https:\/\/kolomejec.hr\/wp-content\/uploads\/2025\/12\/kupci-2048x292.png 2048w\" sizes=\"auto, (max-width: 2400px) 100vw, 2400px\" \/><\/figure>\n\n\n\n<div style=\"height:40px\" aria-hidden=\"true\" class=\"wp-block-spacer\"><\/div>\n\n\n\n<h3 class=\"wp-block-heading\">Markets Where We Are Present<\/h3>\n\n\n\n<figure class=\"wp-block-image size-full\"><img loading=\"lazy\" decoding=\"async\" width=\"1600\" height=\"1245\" src=\"https:\/\/kolomejec.hr\/wp-content\/uploads\/2025\/12\/karta01.png\" alt=\"\" class=\"wp-image-384\" srcset=\"https:\/\/kolomejec.hr\/wp-content\/uploads\/2025\/12\/karta01.png 1600w, https:\/\/kolomejec.hr\/wp-content\/uploads\/2025\/12\/karta01-300x233.png 300w, https:\/\/kolomejec.hr\/wp-content\/uploads\/2025\/12\/karta01-1024x797.png 1024w, https:\/\/kolomejec.hr\/wp-content\/uploads\/2025\/12\/karta01-768x598.png 768w, https:\/\/kolomejec.hr\/wp-content\/uploads\/2025\/12\/karta01-1536x1195.png 1536w\" sizes=\"auto, (max-width: 1600px) 100vw, 1600px\" \/><\/figure>\n\n\n\n<p><\/p>\n","protected":false},"excerpt":{"rendered":"<p>As a leading specialist in conveyor belts and belt drives, we provide complete technical solutions. Product quality is achieved through continuous investment in modern technologies, improvement&#8230;<\/p>\n","protected":false},"author":1,"featured_media":410,"parent":0,"menu_order":0,"comment_status":"closed","ping_status":"closed","template":"","meta":{"_acf_changed":false,"footnotes":""},"class_list":["post-404","page","type-page","status-publish","has-post-thumbnail","hentry"],"acf":[],"yoast_head":"<!-- This site is optimized with the Yoast SEO plugin v27.0 - https:\/\/yoast.com\/product\/yoast-seo-wordpress\/ -->\n<title>About Us - Proizvodnja traka i remenja - Kolomejec d.o.o.<\/title>\n<meta name=\"robots\" content=\"index, follow, max-snippet:-1, max-image-preview:large, max-video-preview:-1\" \/>\n<link rel=\"canonical\" href=\"https:\/\/kolomejec.hr\/o-nama\/\" \/>\n<meta property=\"og:locale\" content=\"en_US\" \/>\n<meta property=\"og:type\" content=\"article\" \/>\n<meta property=\"og:title\" content=\"About Us - Proizvodnja traka i remenja - Kolomejec d.o.o.\" \/>\n<meta property=\"og:description\" content=\"As a leading specialist in conveyor belts and belt drives, we provide complete technical solutions. Product quality is achieved through continuous investment in modern technologies, improvement...\" \/>\n<meta property=\"og:url\" content=\"https:\/\/kolomejec.hr\/o-nama\/\" \/>\n<meta property=\"og:site_name\" content=\"Proizvodnja traka i remenja - Kolomejec d.o.o.\" \/>\n<meta property=\"article:modified_time\" content=\"2025-12-09T19:53:13+00:00\" \/>\n<meta property=\"og:image\" content=\"https:\/\/kolomejec.hr\/wp-content\/uploads\/2025\/12\/Prijenosnici-snage1.webp\" \/>\n\t<meta property=\"og:image:width\" content=\"1100\" \/>\n\t<meta property=\"og:image:height\" content=\"700\" \/>\n\t<meta property=\"og:image:type\" content=\"image\/webp\" \/>\n<meta name=\"twitter:card\" content=\"summary_large_image\" \/>\n<script type=\"application\/ld+json\" class=\"yoast-schema-graph\">{\"@context\":\"https:\/\/schema.org\",\"@graph\":[{\"@type\":\"WebPage\",\"@id\":\"https:\/\/kolomejec.hr\/o-nama\/\",\"url\":\"https:\/\/kolomejec.hr\/o-nama\/\",\"name\":\"About Us - Proizvodnja traka i remenja - Kolomejec d.o.o.\",\"isPartOf\":{\"@id\":\"https:\/\/kolomejec.hr\/#website\"},\"primaryImageOfPage\":{\"@id\":\"https:\/\/kolomejec.hr\/o-nama\/#primaryimage\"},\"image\":{\"@id\":\"https:\/\/kolomejec.hr\/o-nama\/#primaryimage\"},\"thumbnailUrl\":\"https:\/\/kolomejec.hr\/wp-content\/uploads\/2025\/12\/Prijenosnici-snage1.webp\",\"datePublished\":\"2025-12-08T20:38:06+00:00\",\"dateModified\":\"2025-12-09T19:53:13+00:00\",\"breadcrumb\":{\"@id\":\"https:\/\/kolomejec.hr\/o-nama\/#breadcrumb\"},\"inLanguage\":\"en-US\",\"potentialAction\":[{\"@type\":\"ReadAction\",\"target\":[\"https:\/\/kolomejec.hr\/o-nama\/\"]}]},{\"@type\":\"ImageObject\",\"inLanguage\":\"en-US\",\"@id\":\"https:\/\/kolomejec.hr\/o-nama\/#primaryimage\",\"url\":\"https:\/\/kolomejec.hr\/wp-content\/uploads\/2025\/12\/Prijenosnici-snage1.webp\",\"contentUrl\":\"https:\/\/kolomejec.hr\/wp-content\/uploads\/2025\/12\/Prijenosnici-snage1.webp\",\"width\":1100,\"height\":700},{\"@type\":\"BreadcrumbList\",\"@id\":\"https:\/\/kolomejec.hr\/o-nama\/#breadcrumb\",\"itemListElement\":[{\"@type\":\"ListItem\",\"position\":1,\"name\":\"Po\u010detna stranica\",\"item\":\"https:\/\/kolomejec.hr\/\"},{\"@type\":\"ListItem\",\"position\":2,\"name\":\"About Us\"}]},{\"@type\":\"WebSite\",\"@id\":\"https:\/\/kolomejec.hr\/#website\",\"url\":\"https:\/\/kolomejec.hr\/\",\"name\":\"Proizvodnja traka i remenja - Kolomejec d.o.o.\",\"description\":\"Radionica va\u0161ih ideja Specijalizirani smo za proizvodnju, prodaju i servisiranje spojnih procesa i transportnih traka te remenskih prijenosa. PREUZMITE KATALOG Sve \u0161to vam treba, na jednom mjestu. Transportne i procesne trake Osiguravamo najbolje rje\u0161enje za odabir transportnih traka za lak\u0161e do srednje optere\u0107enje, kao i ravne trake za razli\u010dite vrste transportera. Instalacija traka na lokaciji.&hellip;\",\"potentialAction\":[{\"@type\":\"SearchAction\",\"target\":{\"@type\":\"EntryPoint\",\"urlTemplate\":\"https:\/\/kolomejec.hr\/?s={search_term_string}\"},\"query-input\":{\"@type\":\"PropertyValueSpecification\",\"valueRequired\":true,\"valueName\":\"search_term_string\"}}],\"inLanguage\":\"en-US\"}]}<\/script>\n<!-- \/ Yoast SEO plugin. -->","yoast_head_json":{"title":"About Us - Proizvodnja traka i remenja - Kolomejec d.o.o.","robots":{"index":"index","follow":"follow","max-snippet":"max-snippet:-1","max-image-preview":"max-image-preview:large","max-video-preview":"max-video-preview:-1"},"canonical":"https:\/\/kolomejec.hr\/o-nama\/","og_locale":"en_US","og_type":"article","og_title":"About Us - Proizvodnja traka i remenja - Kolomejec d.o.o.","og_description":"As a leading specialist in conveyor belts and belt drives, we provide complete technical solutions. Product quality is achieved through continuous investment in modern technologies, improvement...","og_url":"https:\/\/kolomejec.hr\/o-nama\/","og_site_name":"Proizvodnja traka i remenja - Kolomejec d.o.o.","article_modified_time":"2025-12-09T19:53:13+00:00","og_image":[{"width":1100,"height":700,"url":"https:\/\/kolomejec.hr\/wp-content\/uploads\/2025\/12\/Prijenosnici-snage1.webp","type":"image\/webp"}],"twitter_card":"summary_large_image","schema":{"@context":"https:\/\/schema.org","@graph":[{"@type":"WebPage","@id":"https:\/\/kolomejec.hr\/o-nama\/","url":"https:\/\/kolomejec.hr\/o-nama\/","name":"About Us - Proizvodnja traka i remenja - Kolomejec d.o.o.","isPartOf":{"@id":"https:\/\/kolomejec.hr\/#website"},"primaryImageOfPage":{"@id":"https:\/\/kolomejec.hr\/o-nama\/#primaryimage"},"image":{"@id":"https:\/\/kolomejec.hr\/o-nama\/#primaryimage"},"thumbnailUrl":"https:\/\/kolomejec.hr\/wp-content\/uploads\/2025\/12\/Prijenosnici-snage1.webp","datePublished":"2025-12-08T20:38:06+00:00","dateModified":"2025-12-09T19:53:13+00:00","breadcrumb":{"@id":"https:\/\/kolomejec.hr\/o-nama\/#breadcrumb"},"inLanguage":"en-US","potentialAction":[{"@type":"ReadAction","target":["https:\/\/kolomejec.hr\/o-nama\/"]}]},{"@type":"ImageObject","inLanguage":"en-US","@id":"https:\/\/kolomejec.hr\/o-nama\/#primaryimage","url":"https:\/\/kolomejec.hr\/wp-content\/uploads\/2025\/12\/Prijenosnici-snage1.webp","contentUrl":"https:\/\/kolomejec.hr\/wp-content\/uploads\/2025\/12\/Prijenosnici-snage1.webp","width":1100,"height":700},{"@type":"BreadcrumbList","@id":"https:\/\/kolomejec.hr\/o-nama\/#breadcrumb","itemListElement":[{"@type":"ListItem","position":1,"name":"Po\u010detna stranica","item":"https:\/\/kolomejec.hr\/"},{"@type":"ListItem","position":2,"name":"About Us"}]},{"@type":"WebSite","@id":"https:\/\/kolomejec.hr\/#website","url":"https:\/\/kolomejec.hr\/","name":"Proizvodnja traka i remenja - Kolomejec d.o.o.","description":"Radionica va\u0161ih ideja Specijalizirani smo za proizvodnju, prodaju i servisiranje spojnih procesa i transportnih traka te remenskih prijenosa. PREUZMITE KATALOG Sve \u0161to vam treba, na jednom mjestu. Transportne i procesne trake Osiguravamo najbolje rje\u0161enje za odabir transportnih traka za lak\u0161e do srednje optere\u0107enje, kao i ravne trake za razli\u010dite vrste transportera. Instalacija traka na lokaciji.&hellip;","potentialAction":[{"@type":"SearchAction","target":{"@type":"EntryPoint","urlTemplate":"https:\/\/kolomejec.hr\/?s={search_term_string}"},"query-input":{"@type":"PropertyValueSpecification","valueRequired":true,"valueName":"search_term_string"}}],"inLanguage":"en-US"}]}},"_links":{"self":[{"href":"https:\/\/kolomejec.hr\/en\/wp-json\/wp\/v2\/pages\/404","targetHints":{"allow":["GET"]}}],"collection":[{"href":"https:\/\/kolomejec.hr\/en\/wp-json\/wp\/v2\/pages"}],"about":[{"href":"https:\/\/kolomejec.hr\/en\/wp-json\/wp\/v2\/types\/page"}],"author":[{"embeddable":true,"href":"https:\/\/kolomejec.hr\/en\/wp-json\/wp\/v2\/users\/1"}],"replies":[{"embeddable":true,"href":"https:\/\/kolomejec.hr\/en\/wp-json\/wp\/v2\/comments?post=404"}],"version-history":[{"count":2,"href":"https:\/\/kolomejec.hr\/en\/wp-json\/wp\/v2\/pages\/404\/revisions"}],"predecessor-version":[{"id":505,"href":"https:\/\/kolomejec.hr\/en\/wp-json\/wp\/v2\/pages\/404\/revisions\/505"}],"wp:featuredmedia":[{"embeddable":true,"href":"https:\/\/kolomejec.hr\/en\/wp-json\/wp\/v2\/media\/410"}],"wp:attachment":[{"href":"https:\/\/kolomejec.hr\/en\/wp-json\/wp\/v2\/media?parent=404"}],"curies":[{"name":"wp","href":"https:\/\/api.w.org\/{rel}","templated":true}]}}